{"id":13543,"date":"2022-09-03T15:57:25","date_gmt":"2022-09-03T12:57:25","guid":{"rendered":"https:\/\/www.atareduktor.com.tr\/yeni\/?page_id=13543"},"modified":"2022-10-07T18:37:47","modified_gmt":"2022-10-07T15:37:47","slug":"kalite-politikamiz","status":"publish","type":"page","link":"https:\/\/www.atareduktor.com.tr\/ru\/quality-policy\/","title":{"rendered":"\u041f\u043e\u043b\u0438\u0442\u0438\u043a\u0430 \u043a\u0430\u0447\u0435\u0441\u0442\u0432\u0430"},"content":{"rendered":"<div data-elementor-type=\"wp-page\" data-elementor-id=\"13543\" class=\"elementor elementor-13543\">\n\t\t\t\t\t\t<section class=\"elementor-section elementor-top-section elementor-element elementor-element-800fa8c elementor-section-boxed elementor-section-height-default elementor-section-height-default\" data-id=\"800fa8c\" data-element_type=\"section\" data-e-type=\"section\">\n\t\t\t\t\t\t<div class=\"elementor-container elementor-column-gap-default\">\n\t\t\t\t\t<div class=\"elementor-column elementor-col-100 elementor-top-column elementor-element elementor-element-0d5ff07\" data-id=\"0d5ff07\" data-element_type=\"column\" data-e-type=\"column\">\n\t\t\t<div class=\"elementor-widget-wrap elementor-element-populated\">\n\t\t\t\t\t\t<div class=\"elementor-element elementor-element-7410763 elementor-widget elementor-widget-pix-promo-box\" data-id=\"7410763\" data-element_type=\"widget\" data-e-type=\"widget\" data-widget_type=\"pix-promo-box.default\">\n\t\t\t\t<div class=\"elementor-widget-container\">\n\t\t\t\t\t<div class=\"pix-promo-box card w-100 h-1002 bg-gradient-primary  pix-hover-item rounded-lg position-relative overflow-hidden text-white   text-left w-100 d-block\"  ><img decoding=\"async\" src=\"https:\/\/www.atareduktor.com.tr\/wp-content\/uploads\/IMG_9155-scaled.jpeg\" class=\"card-img pix-bg-image pix-img-scale h-100 rounded-lg pix-opacity-6 pix-hover-opacity-8\" alt=\"\u041f\u043e\u043b\u0438\u0442\u0438\u043a\u0430 \u043a\u0430\u0447\u0435\u0441\u0442\u0432\u0430\" title=\"\"><div class=\"card-img-overlay2 d-inline-block w-100 pix-img-overlay pix-p-20 d-flex align-items-end\" style=\"min-height:300px;\"><div class=\"w-100\"><h5 class=\"card-title font-weight-bold text-white pix-my-10\" style=\"\">\u041f\u043e\u043b\u0438\u0442\u0438\u043a\u0430 \u043a\u0430\u0447\u0435\u0441\u0442\u0432\u0430<\/h5><\/div><\/div><\/div>\t\t\t\t<\/div>\n\t\t\t\t<\/div>\n\t\t\t\t\t<\/div>\n\t\t<\/div>\n\t\t\t\t\t<\/div>\n\t\t<\/section>\n\t\t\t\t<section class=\"elementor-section elementor-top-section elementor-element elementor-element-dfdb612 elementor-section-boxed elementor-section-height-default elementor-section-height-default\" data-id=\"dfdb612\" data-element_type=\"section\" data-e-type=\"section\">\n\t\t\t\t\t\t<div class=\"elementor-container elementor-column-gap-default\">\n\t\t\t\t\t<div class=\"elementor-column elementor-col-100 elementor-top-column elementor-element elementor-element-360503e\" data-id=\"360503e\" data-element_type=\"column\" data-e-type=\"column\">\n\t\t\t<div class=\"elementor-widget-wrap elementor-element-populated\">\n\t\t\t\t\t\t<div class=\"elementor-element elementor-element-6b28665 elementor-widget elementor-widget-text-editor\" data-id=\"6b28665\" data-element_type=\"widget\" data-e-type=\"widget\" data-widget_type=\"text-editor.default\">\n\t\t\t\t<div class=\"elementor-widget-container\">\n\t\t\t\t\t\t\t\t\t<p>\u041a\u0430\u043a ATA RED\u00dcKT\u00d6R MOTOR SAN. T\u0130C. LTD. \u015eT\u0130  \u043d\u0430\u0448\u0430 \u043f\u043e\u043b\u0438\u0442\u0438\u043a\u0430 \u0432 \u043e\u0431\u043b\u0430\u0441\u0442\u0438 \u043a\u0430\u0447\u0435\u0441\u0442\u0432\u0430 \u0437\u0430\u043a\u043b\u044e\u0447\u0430\u0435\u0442\u0441\u044f \u0432 \u043f\u0440\u0435\u0434\u043e\u0441\u0442\u0430\u0432\u043b\u0435\u043d\u0438\u0438 \u0443\u0441\u043b\u0443\u0433, \u043a\u043e\u0442\u043e\u0440\u044b\u0435 \u0443\u0434\u043e\u0432\u043b\u0435\u0442\u0432\u043e\u0440\u044f\u044e\u0442 \u043d\u0430\u0448\u0438\u0445 \u043a\u043b\u0438\u0435\u043d\u0442\u043e\u0432, \u0441 \u0438\u0441\u043f\u043e\u043b\u044c\u0437\u043e\u0432\u0430\u043d\u0438\u0435\u043c \u0441\u0430\u043c\u043e\u0433\u043e \u0441\u043e\u0432\u0440\u0435\u043c\u0435\u043d\u043d\u043e\u0433\u043e \u043e\u0431\u043e\u0440\u0443\u0434\u043e\u0432\u0430\u043d\u0438\u044f \u0438 \u0443\u0434\u043e\u0432\u043b\u0435\u0442\u0432\u043e\u0440\u0435\u043d\u0438\u044f \u043c\u0435\u043d\u044f\u044e\u0449\u0438\u0445\u0441\u044f \u043e\u0436\u0438\u0434\u0430\u043d\u0438\u0439 \u043a\u043b\u0438\u0435\u043d\u0442\u043e\u0432 \u0441 \u0438\u043d\u0441\u0442\u0438\u0442\u0443\u0446\u0438\u043e\u043d\u0430\u043b\u0438\u0437\u0438\u0440\u043e\u0432\u0430\u043d\u043d\u044b\u043c \u043f\u043e\u043d\u0438\u043c\u0430\u043d\u0438\u0435\u043c \u0431\u0438\u0437\u043d\u0435\u0441\u0430 \u0432 \u044d\u0442\u043e\u043c \u0441\u0435\u043a\u0442\u043e\u0440\u0435.<\/p><p><b>\u041f\u0440\u0438 \u043f\u0440\u0435\u0434\u043e\u0441\u0442\u0430\u0432\u043b\u0435\u043d\u0438\u0438 \u043d\u0430\u0448\u0438\u0445 \u0443\u0441\u043b\u0443\u0433 \u0441 \u044d\u0442\u0438\u043c \u043f\u043e\u043d\u0438\u043c\u0430\u043d\u0438\u0435\u043c;<\/b><\/p><ul><li class=\"translation-block\">\u041c\u044b \u0441\u043b\u0435\u0434\u0438\u043c \u0437\u0430 \u0440\u0430\u0437\u0440\u0430\u0431\u043e\u0442\u043a\u0430\u043c\u0438 \u0432 \u043e\u0431\u043b\u0430\u0441\u0442\u0438 \u0440\u0435\u0434\u0443\u043a\u0442\u043e\u0440\u043e\u0432, \u0434\u0432\u0438\u0433\u0430\u0442\u0435\u043b\u0435\u0439, \u0432\u0438\u0431\u0440\u0430\u0446\u0438\u043e\u043d\u043d\u044b\u0445 \u0434\u0432\u0438\u0433\u0430\u0442\u0435\u043b\u0435\u0439 \u0438 \u043f\u043e\u0434\u0448\u0438\u043f\u043d\u0438\u043a\u043e\u0432, \u0447\u0442\u043e\u0431\u044b \u043f\u0440\u0435\u0434\u043e\u0441\u0442\u0430\u0432\u0438\u0442\u044c \u043d\u0430\u0448\u0438\u043c \u043a\u043b\u0438\u0435\u043d\u0442\u0430\u043c \u0441\u0430\u043c\u044b\u0435 \u043f\u0435\u0440\u0435\u0434\u043e\u0432\u044b\u0435 \u0442\u0435\u0445\u043d\u043e\u043b\u043e\u0433\u0438\u0438, \u044d\u043b\u0435\u043a\u0442\u0440\u043e\u0434\u0432\u0438\u0433\u0430\u0442\u0435\u043b\u0438 \u0438 \u0432\u0438\u0431\u0440\u0430\u0446\u0438\u043e\u043d\u043d\u044b\u0435 \u0434\u0432\u0438\u0433\u0430\u0442\u0435\u043b\u0438 \u043d\u0430 \u0440\u0430\u0437\u0443\u043c\u043d\u044b\u0445 \u0443\u0441\u043b\u043e\u0432\u0438\u044f\u0445 \u0438 \u0441 \u0432\u044b\u0441\u043e\u0447\u0430\u0439\u0448\u0438\u043c \u043a\u0430\u0447\u0435\u0441\u0442\u0432\u043e\u043c \u043e\u0431\u0441\u043b\u0443\u0436\u0438\u0432\u0430\u043d\u0438\u044f.<\/li><li>\u0427\u0442\u043e\u0431\u044b \u043f\u043e\u0441\u0442\u043e\u044f\u043d\u043d\u043e \u043f\u0440\u043e\u0441\u043b\u0430\u0432\u043b\u044f\u0442\u044c \u0440\u0435\u043f\u0443\u0442\u0430\u0446\u0438\u044e \u0438 \u043f\u0440\u0435\u0441\u0442\u0438\u0436 \u043d\u0430\u0448\u0435\u0433\u043e \u0431\u0440\u0435\u043d\u0434\u0430,<\/li><li>\u0427\u0442\u043e\u0431\u044b \u0443\u0434\u043e\u0432\u043b\u0435\u0442\u0432\u043e\u0440\u0438\u0442\u044c \u043d\u0430\u0448\u0438\u0445 \u043a\u043b\u0438\u0435\u043d\u0442\u043e\u0432 \u0431\u0435\u0437\u043e\u0433\u043e\u0432\u043e\u0440\u043e\u0447\u043d\u043e,<\/li><li>\u041e\u0436\u0438\u0434\u0430\u043d\u0438\u044f \u043d\u0430\u0448\u0438\u0445 \u043a\u043b\u0438\u0435\u043d\u0442\u043e\u0432, \u043a\u043e\u0442\u043e\u0440\u044b\u0435 \u043c\u044b \u0430\u043d\u0430\u043b\u0438\u0437\u0438\u0440\u0443\u0435\u043c \u0441 \u043d\u0430\u0448\u0438\u043c \u043f\u0440\u043e\u0444\u0435\u0441\u0441\u0438\u043e\u043d\u0430\u043b\u044c\u043d\u044b\u043c \u043f\u0435\u0440\u0441\u043e\u043d\u0430\u043b\u043e\u043c \u0438 \u043f\u043e\u0441\u0442\u043e\u044f\u043d\u043d\u043e \u0441\u043e\u0432\u0435\u0440\u0448\u0435\u043d\u0441\u0442\u0432\u0443\u0435\u043c \u0441 \u043f\u043e\u043c\u043e\u0449\u044c\u044e \u043d\u0435\u043e\u0431\u0445\u043e\u0434\u0438\u043c\u043e\u0439 \u0441\u0438\u0441\u0442\u0435\u043c\u044b \u0443\u043f\u0440\u0430\u0432\u043b\u0435\u043d\u0438\u044f, \u0447\u0442\u043e\u0431\u044b \u0443\u0434\u043e\u0432\u043b\u0435\u0442\u0432\u043e\u0440\u0438\u0442\u044c \u0438\u0445 \u043d\u0430\u0438\u043b\u0443\u0447\u0448\u0438\u043c \u043e\u0431\u0440\u0430\u0437\u043e\u043c,<\/li><li>\u041e\u0431\u0443\u0447\u0435\u043d\u0438\u0435, \u0440\u0430\u0437\u0432\u0438\u0442\u0438\u0435 \u0438 \u043f\u043e\u0441\u0442\u043e\u044f\u043d\u043d\u043e\u0435 \u0443\u043b\u0443\u0447\u0448\u0435\u043d\u0438\u0435 \u0443\u0441\u043b\u043e\u0432\u0438\u0439 \u0442\u0440\u0443\u0434\u0430 \u043d\u0430\u0448\u0438\u0445 \u0441\u043e\u0442\u0440\u0443\u0434\u043d\u0438\u043a\u043e\u0432 \u0434\u043b\u044f \u043f\u043e\u0432\u044b\u0448\u0435\u043d\u0438\u044f \u044d\u0444\u0444\u0435\u043a\u0442\u0438\u0432\u043d\u043e\u0441\u0442\u0438 \u0438 \u043a\u0430\u0447\u0435\u0441\u0442\u0432\u0430 \u0440\u0430\u0431\u043e\u0442\u044b, \u043f\u043e\u0434\u0434\u0435\u0440\u0436\u0430\u043d\u0438\u044f \u043a\u043e\u0440\u043f\u043e\u0440\u0430\u0442\u0438\u0432\u043d\u043e\u0439 \u043a\u0443\u043b\u044c\u0442\u0443\u0440\u044b \u0438 \u0440\u0430\u0437\u043d\u043e\u043e\u0431\u0440\u0430\u0437\u0438\u044f,<\/li><li>\u0420\u0430\u0437\u0434\u0435\u043b\u044f\u044f \u043e\u0442\u0432\u0435\u0442\u0441\u0442\u0432\u0435\u043d\u043d\u043e\u0441\u0442\u044c \u0437\u0430 \u043a\u0430\u0447\u0435\u0441\u0442\u0432\u043e \u043e\u0431\u0441\u043b\u0443\u0436\u0438\u0432\u0430\u043d\u0438\u044f, \u0438\u0441\u043f\u043e\u043b\u044c\u0437\u0443\u044f \u043a\u043e\u043c\u0430\u043d\u0434\u043d\u0443\u044e \u0440\u0430\u0431\u043e\u0442\u0443 \u0432 \u0441\u043b\u0443\u0436\u0435\u043d\u0438\u0438,<\/li><li>\u041c\u044b \u0441\u0442\u0440\u0435\u043c\u0438\u043c\u0441\u044f \u043a \u043f\u043e\u0441\u0442\u043e\u044f\u043d\u043d\u043e\u043c\u0443 \u043f\u043e\u0432\u044b\u0448\u0435\u043d\u0438\u044e \u044d\u0444\u0444\u0435\u043a\u0442\u0438\u0432\u043d\u043e\u0441\u0442\u0438 \u043d\u0430\u0448\u0435\u0439 \u0441\u0438\u0441\u0442\u0435\u043c\u044b \u0443\u043f\u0440\u0430\u0432\u043b\u0435\u043d\u0438\u044f \u043a\u0430\u0447\u0435\u0441\u0442\u0432\u043e\u043c \u0438 \u0441 \u044d\u0442\u043e\u0439 \u0446\u0435\u043b\u044c\u044e \u043f\u0435\u0440\u0435\u0441\u043c\u0430\u0442\u0440\u0438\u0432\u0430\u0435\u043c \u0438 \u0443\u043b\u0443\u0447\u0448\u0430\u0435\u043c \u043d\u0430\u0448\u0443 \u043f\u043e\u043b\u0438\u0442\u0438\u043a\u0443 \u0432 \u043e\u0431\u043b\u0430\u0441\u0442\u0438 \u043a\u0430\u0447\u0435\u0441\u0442\u0432\u0430 \u0438, \u043f\u0430\u0440\u0430\u043b\u043b\u0435\u043b\u044c\u043d\u043e, \u043d\u0430\u0448\u0438 \u0446\u0435\u043b\u0438 \u0432 \u043e\u0431\u043b\u0430\u0441\u0442\u0438 \u043a\u0430\u0447\u0435\u0441\u0442\u0432\u0430.<\/li><\/ul>\t\t\t\t\t\t\t\t<\/div>\n\t\t\t\t<\/div>\n\t\t\t\t\t<\/div>\n\t\t<\/div>\n\t\t\t\t\t<\/div>\n\t\t<\/section>\n\t\t\t\t<\/div>","protected":false},"excerpt":{"rendered":"<p>KAL\u0130TE POL\u0130T\u0130KAMIZ ATA RED\u00dcKT\u00d6R MOTOR SAN. T\u0130C. LTD. \u015eT\u0130 olarak Kalite Politikam\u0131z, sekt\u00f6r\u00fcnde kurumsalla\u015fm\u0131\u015f bir i\u015f anlay\u0131\u015f\u0131 ile en modern donan\u0131mlar\u0131 kullanarak ve de\u011fi\u015fen m\u00fc\u015fteri beklentilerini kar\u015f\u0131layarak m\u00fc\u015fterilerini mutlu eden bir hizmet sunmakt\u0131r. Bu anlay\u0131\u015f ile hizmetlerimizi yerine getirirken; Red\u00fckt\u00f6r,&#8230;<\/p>","protected":false},"author":1,"featured_media":0,"parent":0,"menu_order":0,"comment_status":"closed","ping_status":"closed","template":"","meta":{"inline_featured_image":false,"footnotes":""},"class_list":["post-13543","page","type-page","status-publish","hentry"],"_links":{"self":[{"href":"https:\/\/www.atareduktor.com.tr\/ru\/wp-json\/wp\/v2\/pages\/13543","targetHints":{"allow":["GET"]}}],"collection":[{"href":"https:\/\/www.atareduktor.com.tr\/ru\/wp-json\/wp\/v2\/pages"}],"about":[{"href":"https:\/\/www.atareduktor.com.tr\/ru\/wp-json\/wp\/v2\/types\/page"}],"author":[{"embeddable":true,"href":"https:\/\/www.atareduktor.com.tr\/ru\/wp-json\/wp\/v2\/users\/1"}],"replies":[{"embeddable":true,"href":"https:\/\/www.atareduktor.com.tr\/ru\/wp-json\/wp\/v2\/comments?post=13543"}],"version-history":[{"count":7,"href":"https:\/\/www.atareduktor.com.tr\/ru\/wp-json\/wp\/v2\/pages\/13543\/revisions"}],"predecessor-version":[{"id":14338,"href":"https:\/\/www.atareduktor.com.tr\/ru\/wp-json\/wp\/v2\/pages\/13543\/revisions\/14338"}],"wp:attachment":[{"href":"https:\/\/www.atareduktor.com.tr\/ru\/wp-json\/wp\/v2\/media?parent=13543"}],"curies":[{"name":"wp","href":"https:\/\/api.w.org\/{rel}","templated":true}]}}