{"id":13729,"date":"2022-09-24T18:31:38","date_gmt":"2022-09-24T15:31:38","guid":{"rendered":"https:\/\/www.atareduktor.com.tr\/yeni\/?page_id=13729"},"modified":"2022-09-26T12:37:30","modified_gmt":"2022-09-26T09:37:30","slug":"yem-karma-reduktorleri","status":"publish","type":"page","link":"https:\/\/www.atareduktor.com.tr\/en\/gearbox\/feeder-mixer-drives\/","title":{"rendered":"Feeder Mixer Drives"},"content":{"rendered":"<div data-elementor-type=\"wp-page\" data-elementor-id=\"13729\" class=\"elementor elementor-13729\">\n\t\t\t\t\t\t<section class=\"elementor-section elementor-top-section elementor-element elementor-element-5b43dab elementor-section-boxed elementor-section-height-default elementor-section-height-default\" data-id=\"5b43dab\" data-element_type=\"section\" data-e-type=\"section\" data-settings=\"{&quot;background_background&quot;:&quot;classic&quot;}\">\n\t\t\t\t\t\t<div class=\"elementor-container elementor-column-gap-default\">\n\t\t\t\t\t<div class=\"elementor-column elementor-col-33 elementor-top-column elementor-element elementor-element-54946bb\" data-id=\"54946bb\" data-element_type=\"column\" data-e-type=\"column\">\n\t\t\t<div class=\"elementor-widget-wrap elementor-element-populated\">\n\t\t\t\t\t\t<div class=\"elementor-element elementor-element-9f6e660 elementor-widget elementor-widget-sidebar\" data-id=\"9f6e660\" data-element_type=\"widget\" data-e-type=\"widget\" data-widget_type=\"sidebar.default\">\n\t\t\t\t<div class=\"elementor-widget-container\">\n\t\t\t\t\t<section id=\"nav_menu-2\" class=\"widget widget_nav_menu\"><div class=\"menu-urunler_sidebar-container\"><ul id=\"menu-urunler_sidebar\" class=\"menu\"><li id=\"menu-item-13570\" class=\"menu-item menu-item-type-post_type menu-item-object-page menu-item-has-children menu-item-13570\"><a href=\"https:\/\/www.atareduktor.com.tr\/en\/gearbox\/helical-gear-units\/\">Helical Gear Units<\/a>\n<ul class=\"sub-menu\">\n\t<li id=\"menu-item-13710\" class=\"menu-item menu-item-type-post_type menu-item-object-page menu-item-13710\"><a href=\"https:\/\/www.atareduktor.com.tr\/en\/gearbox\/helical-gear-units\/a-f-series\/\">A\/F Series<\/a><\/li>\n\t<li id=\"menu-item-13709\" class=\"menu-item menu-item-type-post_type menu-item-object-page menu-item-13709\"><a href=\"https:\/\/www.atareduktor.com.tr\/en\/gearbox\/helical-gear-units\/pa-pf-series\/\">PA\/PF Series<\/a><\/li>\n<\/ul>\n<\/li>\n<li id=\"menu-item-13744\" class=\"menu-item menu-item-type-post_type menu-item-object-page menu-item-has-children menu-item-13744\"><a href=\"https:\/\/www.atareduktor.com.tr\/en\/gearbox\/helical-bevel-gear-units\/\">Helical Bevel Gear Units<\/a>\n<ul class=\"sub-menu\">\n\t<li id=\"menu-item-13745\" class=\"menu-item menu-item-type-post_type menu-item-object-page menu-item-13745\"><a href=\"https:\/\/www.atareduktor.com.tr\/en\/gearbox\/helical-bevel-gear-units\/pkd-series\/\">PKD Series<\/a><\/li>\n<\/ul>\n<\/li>\n<li id=\"menu-item-13882\" class=\"menu-item menu-item-type-post_type menu-item-object-page menu-item-has-children menu-item-13882\"><a href=\"https:\/\/www.atareduktor.com.tr\/en\/gearbox\/helical-worm-gear-units\/\">Helical Worm Gear Units<\/a>\n<ul class=\"sub-menu\">\n\t<li id=\"menu-item-13883\" class=\"menu-item menu-item-type-post_type menu-item-object-page menu-item-13883\"><a href=\"https:\/\/www.atareduktor.com.tr\/en\/gearbox\/helical-worm-gear-units\/psh-series\/\">PSH Series<\/a><\/li>\n<\/ul>\n<\/li>\n<li id=\"menu-item-13884\" class=\"menu-item menu-item-type-post_type menu-item-object-page menu-item-has-children menu-item-13884\"><a href=\"https:\/\/www.atareduktor.com.tr\/en\/gearbox\/parallel-shaft-mounted-gear-units\/\">Parallel Shaft Mounted Gear Units<\/a>\n<ul class=\"sub-menu\">\n\t<li id=\"menu-item-13885\" class=\"menu-item menu-item-type-post_type menu-item-object-page menu-item-13885\"><a href=\"https:\/\/www.atareduktor.com.tr\/en\/gearbox\/parallel-shaft-mounted-gear-units\/pd-pm-series\/\">PD\/PM Series<\/a><\/li>\n<\/ul>\n<\/li>\n<li id=\"menu-item-13886\" class=\"menu-item menu-item-type-post_type menu-item-object-page menu-item-has-children menu-item-13886\"><a href=\"https:\/\/www.atareduktor.com.tr\/en\/gearbox\/planet-gear-units\/\">Planet Gear Units<\/a>\n<ul class=\"sub-menu\">\n\t<li id=\"menu-item-13887\" class=\"menu-item menu-item-type-post_type menu-item-object-page menu-item-13887\"><a href=\"https:\/\/www.atareduktor.com.tr\/en\/gearbox\/planet-gear-units\/pl-plb-series\/\">PL\/PLB Series<\/a><\/li>\n<\/ul>\n<\/li>\n<li id=\"menu-item-13888\" class=\"menu-item menu-item-type-post_type menu-item-object-page menu-item-has-children menu-item-13888\"><a href=\"https:\/\/www.atareduktor.com.tr\/en\/gearbox\/industrial-type-gear-units\/\">Industrial Type Gear Units<\/a>\n<ul class=\"sub-menu\">\n\t<li id=\"menu-item-13889\" class=\"menu-item menu-item-type-post_type menu-item-object-page menu-item-13889\"><a href=\"https:\/\/www.atareduktor.com.tr\/en\/gearbox\/industrial-type-gear-units\/ph-pb-series\/\">PH\/PB Series<\/a><\/li>\n<\/ul>\n<\/li>\n<li id=\"menu-item-13890\" class=\"menu-item menu-item-type-post_type menu-item-object-page menu-item-has-children menu-item-13890\"><a href=\"https:\/\/www.atareduktor.com.tr\/en\/gearbox\/shaft-mounted-helical-gear-units\/\">Shaft Mounted Helical Gear Units<\/a>\n<ul class=\"sub-menu\">\n\t<li id=\"menu-item-13891\" class=\"menu-item menu-item-type-post_type menu-item-object-page menu-item-13891\"><a href=\"https:\/\/www.atareduktor.com.tr\/en\/gearbox\/shaft-mounted-helical-gear-units\/p-series\/\">P Series<\/a><\/li>\n\t<li id=\"menu-item-13892\" class=\"menu-item menu-item-type-post_type menu-item-object-page menu-item-13892\"><a href=\"https:\/\/www.atareduktor.com.tr\/en\/gearbox\/shaft-mounted-helical-gear-units\/pt-a-series\/\">Pt\/A Series<\/a><\/li>\n<\/ul>\n<\/li>\n<li id=\"menu-item-13893\" class=\"menu-item menu-item-type-post_type menu-item-object-page menu-item-has-children menu-item-13893\"><a href=\"https:\/\/www.atareduktor.com.tr\/en\/gearbox\/worm-gear-units\/\">Worm Gear Units<\/a>\n<ul class=\"sub-menu\">\n\t<li id=\"menu-item-13894\" class=\"menu-item menu-item-type-post_type menu-item-object-page menu-item-13894\"><a href=\"https:\/\/www.atareduktor.com.tr\/en\/gearbox\/worm-gear-units\/pmrvplus-prvplus-series\/\">PMRVPLUS \/ PRVPLUS Series<\/a><\/li>\n\t<li id=\"menu-item-13895\" class=\"menu-item menu-item-type-post_type menu-item-object-page menu-item-13895\"><a href=\"https:\/\/www.atareduktor.com.tr\/en\/gearbox\/worm-gear-units\/sv-isv-series\/\">SV \/ ISV Series<\/a><\/li>\n<\/ul>\n<\/li>\n<li id=\"menu-item-13896\" class=\"menu-item menu-item-type-post_type menu-item-object-page menu-item-has-children menu-item-13896\"><a href=\"https:\/\/www.atareduktor.com.tr\/en\/gearbox\/crane-gear-units\/\">Crane Gear Units<\/a>\n<ul class=\"sub-menu\">\n\t<li id=\"menu-item-13897\" class=\"menu-item menu-item-type-post_type menu-item-object-page menu-item-13897\"><a href=\"https:\/\/www.atareduktor.com.tr\/en\/gearbox\/crane-gear-units\/pcs-series\/\">PCS Series<\/a><\/li>\n<\/ul>\n<\/li>\n<li id=\"menu-item-13898\" class=\"menu-item menu-item-type-post_type menu-item-object-page menu-item-has-children menu-item-13898\"><a href=\"https:\/\/www.atareduktor.com.tr\/en\/gearbox\/gearmotors-for-poultry-farms\/\">Gearmotors for Poultry Farms<\/a>\n<ul class=\"sub-menu\">\n\t<li id=\"menu-item-13899\" class=\"menu-item menu-item-type-post_type menu-item-object-page menu-item-13899\"><a href=\"https:\/\/www.atareduktor.com.tr\/en\/gearbox\/gearmotors-for-poultry-farms\/px-ppc-series\/\">PX\/PPC Series<\/a><\/li>\n<\/ul>\n<\/li>\n<li id=\"menu-item-13900\" class=\"menu-item menu-item-type-post_type menu-item-object-page menu-item-has-children menu-item-13900\"><a href=\"https:\/\/www.atareduktor.com.tr\/en\/gearbox\/feeder-mixer-drives\/\">Feeder Mixer Drives<\/a>\n<ul class=\"sub-menu\">\n\t<li id=\"menu-item-13901\" class=\"menu-item menu-item-type-post_type menu-item-object-page menu-item-13901\"><a href=\"https:\/\/www.atareduktor.com.tr\/en\/gearbox\/feeder-mixer-drives\/pyk-series\/\">PYK Series<\/a><\/li>\n<\/ul>\n<\/li>\n<li id=\"menu-item-13902\" class=\"menu-item menu-item-type-post_type menu-item-object-page menu-item-has-children menu-item-13902\"><a href=\"https:\/\/www.atareduktor.com.tr\/en\/gearbox\/extruder-gearboxes\/\">Extruder Gearboxes<\/a>\n<ul class=\"sub-menu\">\n\t<li id=\"menu-item-13903\" class=\"menu-item menu-item-type-post_type menu-item-object-page menu-item-13903\"><a href=\"https:\/\/www.atareduktor.com.tr\/en\/gearbox\/extruder-gearboxes\/pex-series\/\">PEX Series<\/a><\/li>\n<\/ul>\n<\/li>\n<li id=\"menu-item-13904\" class=\"menu-item menu-item-type-post_type menu-item-object-page menu-item-has-children menu-item-13904\"><a href=\"https:\/\/www.atareduktor.com.tr\/en\/gearbox\/cylindrical-gear-units\/\">Cylindrical Gear Units<\/a>\n<ul class=\"sub-menu\">\n\t<li id=\"menu-item-13905\" class=\"menu-item menu-item-type-post_type menu-item-object-page menu-item-13905\"><a href=\"https:\/\/www.atareduktor.com.tr\/en\/gearbox\/cylindrical-gear-units\/pz-series\/\">PZ Series<\/a><\/li>\n<\/ul>\n<\/li>\n<\/ul><\/div><\/section>\t\t\t\t<\/div>\n\t\t\t\t<\/div>\n\t\t\t\t\t<\/div>\n\t\t<\/div>\n\t\t\t\t<div class=\"elementor-column elementor-col-33 elementor-top-column elementor-element elementor-element-9de064b\" data-id=\"9de064b\" data-element_type=\"column\" data-e-type=\"column\" data-settings=\"{&quot;background_background&quot;:&quot;classic&quot;}\">\n\t\t\t<div class=\"elementor-widget-wrap elementor-element-populated\">\n\t\t\t\t\t\t<div class=\"elementor-element elementor-element-93f42eb elementor-pagination-position-outside elementor-widget elementor-widget-image-carousel\" data-id=\"93f42eb\" data-element_type=\"widget\" data-e-type=\"widget\" data-settings=\"{&quot;slides_to_show&quot;:&quot;1&quot;,&quot;navigation&quot;:&quot;dots&quot;,&quot;autoplay&quot;:&quot;yes&quot;,&quot;pause_on_hover&quot;:&quot;yes&quot;,&quot;pause_on_interaction&quot;:&quot;yes&quot;,&quot;autoplay_speed&quot;:5000,&quot;infinite&quot;:&quot;yes&quot;,&quot;effect&quot;:&quot;slide&quot;,&quot;speed&quot;:500}\" data-widget_type=\"image-carousel.default\">\n\t\t\t\t<div class=\"elementor-widget-container\">\n\t\t\t\t\t\t\t<div class=\"elementor-image-carousel-wrapper swiper\" role=\"region\" aria-roledescription=\"carousel\" aria-label=\"\u041a\u0430\u0440\u0443\u0441\u0435\u043b\u044c\" dir=\"ltr\">\n\t\t\t<div class=\"elementor-image-carousel swiper-wrapper\" aria-live=\"off\">\n\t\t\t\t\t\t\t\t<div class=\"swiper-slide\" role=\"group\" aria-roledescription=\"slide\" aria-label=\"1 \u0438\u0437 2\"><a data-elementor-open-lightbox=\"yes\" data-elementor-lightbox-slideshow=\"93f42eb\" data-elementor-lightbox-title=\"PGR-Drive-Technologies-PYK-series-1\" data-e-action-hash=\"#elementor-action%3Aaction%3Dlightbox%26settings%3DeyJpZCI6MTM4NTQsInVybCI6Imh0dHBzOlwvXC93d3cuYXRhcmVkdWt0b3IuY29tLnRyXC93cC1jb250ZW50XC91cGxvYWRzXC9QR1ItRHJpdmUtVGVjaG5vbG9naWVzLVBZSy1zZXJpZXMtMS5qcGVnIiwic2xpZGVzaG93IjoiOTNmNDJlYiJ9\" href=\"https:\/\/www.atareduktor.com.tr\/wp-content\/uploads\/PGR-Drive-Technologies-PYK-series-1.jpeg\"><figure class=\"swiper-slide-inner\"><img decoding=\"async\" class=\"swiper-slide-image\" src=\"https:\/\/www.atareduktor.com.tr\/wp-content\/uploads\/PGR-Drive-Technologies-PYK-series-1-400x400.jpeg\" alt=\"PGR-Drive-Technologies-PYK-series-1\" title=\"\"><\/figure><\/a><\/div><div class=\"swiper-slide\" role=\"group\" aria-roledescription=\"slide\" aria-label=\"2 \u0438\u0437 2\"><a data-elementor-open-lightbox=\"yes\" data-elementor-lightbox-slideshow=\"93f42eb\" data-elementor-lightbox-title=\"PGR-Drive-Technologies-PYK-series-2\" data-e-action-hash=\"#elementor-action%3Aaction%3Dlightbox%26settings%3DeyJpZCI6MTM4NTUsInVybCI6Imh0dHBzOlwvXC93d3cuYXRhcmVkdWt0b3IuY29tLnRyXC93cC1jb250ZW50XC91cGxvYWRzXC9QR1ItRHJpdmUtVGVjaG5vbG9naWVzLVBZSy1zZXJpZXMtMi5qcGVnIiwic2xpZGVzaG93IjoiOTNmNDJlYiJ9\" href=\"https:\/\/www.atareduktor.com.tr\/wp-content\/uploads\/PGR-Drive-Technologies-PYK-series-2.jpeg\"><figure class=\"swiper-slide-inner\"><img decoding=\"async\" class=\"swiper-slide-image\" src=\"https:\/\/www.atareduktor.com.tr\/wp-content\/uploads\/PGR-Drive-Technologies-PYK-series-2-400x400.jpeg\" alt=\"PGR-Drive-Technologies-PYK-series-2\" title=\"\"><\/figure><\/a><\/div>\t\t\t<\/div>\n\t\t\t\t\t\t\t\n\t\t\t\t\t\t\t\t\t<div class=\"swiper-pagination\"><\/div>\n\t\t\t\t\t\t\t\t\t<\/div>\n\t\t\t\t\t\t<\/div>\n\t\t\t\t<\/div>\n\t\t\t\t<div class=\"elementor-element elementor-element-e872451 elementor-widget elementor-widget-pix-heading\" data-id=\"e872451\" data-element_type=\"widget\" data-e-type=\"widget\" data-widget_type=\"pix-heading.default\">\n\t\t\t\t<div class=\"elementor-widget-container\">\n\t\t\t\t\t<div  class=\"pix-heading-el text-center\"><div><div class=\"slide-in-container\"><h5 class=\"font-weight-bold heading-text el-title_custom_color mb-12\" style=\"\" data-anim-type=\"\" data-anim-delay=\"\">Technicial Specifications<\/h5><\/div><\/div><\/div>\t\t\t\t<\/div>\n\t\t\t\t<\/div>\n\t\t\t\t<div class=\"elementor-element elementor-element-a660194 elementor-widget elementor-widget-text-editor\" data-id=\"a660194\" data-element_type=\"widget\" data-e-type=\"widget\" data-widget_type=\"text-editor.default\">\n\t\t\t\t<div class=\"elementor-widget-container\">\n\t\t\t\t\t\t\t\t\t<table class=\"table table-sm mb-0\"><tbody><tr><td>\u00a0<\/td><td align=\"right\">Min<\/td><td align=\"right\">Max<\/td><\/tr><tr><td>Capacity [m3]<\/td><td align=\"right\">0.5<\/td><td align=\"right\">20<\/td><\/tr><\/tbody><\/table>\t\t\t\t\t\t\t\t<\/div>\n\t\t\t\t<\/div>\n\t\t\t\t\t<\/div>\n\t\t<\/div>\n\t\t\t\t<div class=\"elementor-column elementor-col-33 elementor-top-column elementor-element elementor-element-d12b536\" data-id=\"d12b536\" data-element_type=\"column\" data-e-type=\"column\" data-settings=\"{&quot;background_background&quot;:&quot;classic&quot;}\">\n\t\t\t<div class=\"elementor-widget-wrap elementor-element-populated\">\n\t\t\t\t\t\t<div class=\"elementor-element elementor-element-dc0e86b elementor-widget elementor-widget-pix-heading\" data-id=\"dc0e86b\" data-element_type=\"widget\" data-e-type=\"widget\" data-widget_type=\"pix-heading.default\">\n\t\t\t\t<div class=\"elementor-widget-container\">\n\t\t\t\t\t<div  class=\"pix-heading-el text-left\"><div><div class=\"slide-in-container\"><h3 class=\"font-weight-bold heading-text el-title_custom_color mb-12\" style=\"\" data-anim-type=\"\" data-anim-delay=\"\">PYK Series<\/h3><\/div><\/div><\/div>\t\t\t\t<\/div>\n\t\t\t\t<\/div>\n\t\t\t\t<div class=\"elementor-element elementor-element-1bc631f elementor-widget elementor-widget-text-editor\" data-id=\"1bc631f\" data-element_type=\"widget\" data-e-type=\"widget\" data-widget_type=\"text-editor.default\">\n\t\t\t\t<div class=\"elementor-widget-container\">\n\t\t\t\t\t\t\t\t\t<p>PYK series products that have wide reduction ratio and high resistance against heavy and variable loads in horizontal, vertical and inclined feed mixing systems provide optimum solutions in TMR systems for cattle and small cattle livestock facilities.<\/p><ul><li>Feeder mixer drives with coaxial or parallel axis input and output or 90\u00b0 axis angle.<\/li><li>Components are mounted over case.<\/li><li>A rigid structure in case.<\/li><li>System resistance calculations are made in accordance with ISO, DIN and NIEMANN standards.<\/li><li>Different input options available (PAM, W, Transmission, Diverter, ...).<\/li><li>Different output options available (Solid shaft, DIN form splined, ...)<\/li><li>Cases are manufactured from sfero (GGG 40-50) and peak (GG 20-25).<\/li><li>Gears are made of cast and 21NiCrMo2 case-hardening steel.<\/li><li>High-quality bearing and sealing components are used.<\/li><li>Special requests of the customers may be considered.<\/li><\/ul>\t\t\t\t\t\t\t\t<\/div>\n\t\t\t\t<\/div>\n\t\t\t\t\t<\/div>\n\t\t<\/div>\n\t\t\t\t\t<\/div>\n\t\t<\/section>\n\t\t\t\t<section class=\"elementor-section elementor-top-section elementor-element elementor-element-755c572 elementor-reverse-tablet elementor-reverse-mobile elementor-section-boxed elementor-section-height-default elementor-section-height-default\" data-id=\"755c572\" data-element_type=\"section\" data-e-type=\"section\">\n\t\t\t\t\t\t<div class=\"elementor-container elementor-column-gap-default\">\n\t\t\t\t\t<div class=\"elementor-column elementor-col-33 elementor-top-column elementor-element elementor-element-4d8ff66\" data-id=\"4d8ff66\" data-element_type=\"column\" data-e-type=\"column\">\n\t\t\t<div class=\"elementor-widget-wrap elementor-element-populated\">\n\t\t\t\t\t\t<div class=\"elementor-element elementor-element-2830656 elementor-widget elementor-widget-pix-heading\" data-id=\"2830656\" data-element_type=\"widget\" data-e-type=\"widget\" data-widget_type=\"pix-heading.default\">\n\t\t\t\t<div class=\"elementor-widget-container\">\n\t\t\t\t\t<div  class=\"pix-heading-el text-center\"><div><div class=\"slide-in-container\"><h5 class=\"font-weight-bold heading-text el-title_custom_color mb-12\" style=\"\" data-anim-type=\"\" data-anim-delay=\"\">Expert Support<\/h5><\/div><\/div><\/div>\t\t\t\t<\/div>\n\t\t\t\t<\/div>\n\t\t\t\t<div class=\"elementor-element elementor-element-d0480b2 elementor-widget elementor-widget-pix-3d-box\" data-id=\"d0480b2\" data-element_type=\"widget\" data-e-type=\"widget\" data-widget_type=\"pix-3d-box.default\">\n\t\t\t\t<div class=\"elementor-widget-container\">\n\t\t\t\t\t<div class=\"mb-3 mb-md-0\"  ><div class=\"card w-100 h-100 bg-black   pix-hover-item rounded-0 position-relative overflow-hidden2 text-white tilt fancy_card\" ><img decoding=\"async\" src=\"https:\/\/www.atareduktor.com.tr\/wp-content\/plugins\/pixfort-core\/functions\/images\/loading.webp\" data-srcset=\"https:\/\/www.atareduktor.com.tr\/wp-content\/uploads\/Ata-Redu\u0308kto\u0308r-Motor7-300x225.jpeg 300w, https:\/\/www.atareduktor.com.tr\/wp-content\/uploads\/Ata-Redu\u0308kto\u0308r-Motor7-1024x768.jpeg 1024w, https:\/\/www.atareduktor.com.tr\/wp-content\/uploads\/Ata-Redu\u0308kto\u0308r-Motor7-768x576.jpeg 768w, https:\/\/www.atareduktor.com.tr\/wp-content\/uploads\/Ata-Redu\u0308kto\u0308r-Motor7-600x450.jpeg 600w, https:\/\/www.atareduktor.com.tr\/wp-content\/uploads\/Ata-Redu\u0308kto\u0308r-Motor7.jpeg 1440w\" data-src=\"https:\/\/www.atareduktor.com.tr\/wp-content\/uploads\/Ata-Redu\u0308kto\u0308r-Motor7-1024x768.jpeg\" class=\"pix-lazy card-img pix-bg-image rounded-0 h-100 pix-opacity-3 pix-hover-opacity-7\" loading=\"lazy\" alt=\"\" title=\"\"><div class=\"card-img-overlay overflow-visible d-inline-block w-100 pix-img-overlay pix-p-30 d-flex align-items-end text-left\"><div class=\"w-100\"><h4 class=\"card-title  text-white font-weight-bold mb-0 animate-in\" style=\"\">WANT TO KNOW MORE INFO<\/h4><p class=\"card-text pix-pt-10 text-white\" style=\"\"><\/p><div class=\"card-btn-div mt-4 d-inline-block w-100\"><a  href=\"\/en\/ileti\u015fim\/\" class=\"btn m-0     btn-line-gray-5 d-inline-block     btn-rounded btn-md\"     ><i class=\"font-weight-bold pixicon-headphones   mr-1\"><\/i> <span class=\"font-weight-bold\" >Contact Us<\/span><\/a><\/div><\/div><\/div><\/div><\/div>\t\t\t\t<\/div>\n\t\t\t\t<\/div>\n\t\t\t\t\t<\/div>\n\t\t<\/div>\n\t\t\t\t<div class=\"elementor-column elementor-col-66 elementor-top-column elementor-element elementor-element-d8a337b\" data-id=\"d8a337b\" data-element_type=\"column\" data-e-type=\"column\">\n\t\t\t<div class=\"elementor-widget-wrap elementor-element-populated\">\n\t\t\t\t\t\t<div class=\"elementor-element elementor-element-2512d97 elementor-widget elementor-widget-pix-heading\" data-id=\"2512d97\" data-element_type=\"widget\" data-e-type=\"widget\" data-widget_type=\"pix-heading.default\">\n\t\t\t\t<div class=\"elementor-widget-container\">\n\t\t\t\t\t<div  class=\"pix-heading-el text-center\"><div><div class=\"slide-in-container\"><h5 class=\"font-weight-bold heading-text el-title_custom_color mb-12\" style=\"\" data-anim-type=\"\" data-anim-delay=\"\">Related Documents<\/h5><\/div><\/div><\/div>\t\t\t\t<\/div>\n\t\t\t\t<\/div>\n\t\t\t\t<div class=\"elementor-element elementor-element-c22358b elementor-widget elementor-widget-text-editor\" data-id=\"c22358b\" data-element_type=\"widget\" data-e-type=\"widget\" data-widget_type=\"text-editor.default\">\n\t\t\t\t<div class=\"elementor-widget-container\">\n\t\t\t\t\t\t\t\t\t<p><a class=\"list-group-item list-group-item-action py-3\" href=\"https:\/\/www.pgr.com.tr\/uploads\/file\/catalogues\/PGR-Drive-Technologies-PYK-Series-Catalogue.pdf\" target=\"_blank\" rel=\"noopener nofollow\">\u00a0\u00a0PYK Series Catalogue (PDF, 13.4 Mb)<\/a><a class=\"list-group-item list-group-item-action py-3\" href=\"https:\/\/www.pgr.com.tr\/uploads\/file\/certificates\/PGR-PYK-Serisi-Uygunluk-Beyani.pdf\" target=\"_blank\" rel=\"noopener nofollow\"><i class=\"bi bi-file-pdf\"><\/i>\u00a0\u00a0PYK Series Declaration of Conformity (EN)<\/a><\/p>\t\t\t\t\t\t\t\t<\/div>\n\t\t\t\t<\/div>\n\t\t\t\t\t<\/div>\n\t\t<\/div>\n\t\t\t\t\t<\/div>\n\t\t<\/section>\n\t\t\t\t<\/div>","protected":false},"excerpt":{"rendered":"<p>Teknik \u00d6zellikler \u00a0 Min Max Kapasite [m3] 0.5 20 PYK Serisi B\u00fcy\u00fck\/k\u00fc\u00e7\u00fck ba\u015f hayvan i\u015fletmeleri i\u00e7in yatay, dikey, e\u011fik yem karma sistemlerinde a\u011f\u0131r ve de\u011fi\u015fken y\u00fcklere kar\u015f\u0131 y\u00fcksek dayan\u0131ml\u0131, geni\u015f tahvil aral\u0131kl\u0131 PYK serisi \u00fcr\u00fcnler TMR sistemleri i\u00e7inde ideal \u00e7\u00f6z\u00fcmler&#8230;<\/p>","protected":false},"author":1,"featured_media":0,"parent":13922,"menu_order":0,"comment_status":"closed","ping_status":"closed","template":"","meta":{"inline_featured_image":false,"footnotes":""},"class_list":["post-13729","page","type-page","status-publish","hentry"],"_links":{"self":[{"href":"https:\/\/www.atareduktor.com.tr\/en\/wp-json\/wp\/v2\/pages\/13729","targetHints":{"allow":["GET"]}}],"collection":[{"href":"https:\/\/www.atareduktor.com.tr\/en\/wp-json\/wp\/v2\/pages"}],"about":[{"href":"https:\/\/www.atareduktor.com.tr\/en\/wp-json\/wp\/v2\/types\/page"}],"author":[{"embeddable":true,"href":"https:\/\/www.atareduktor.com.tr\/en\/wp-json\/wp\/v2\/users\/1"}],"replies":[{"embeddable":true,"href":"https:\/\/www.atareduktor.com.tr\/en\/wp-json\/wp\/v2\/comments?post=13729"}],"version-history":[{"count":4,"href":"https:\/\/www.atareduktor.com.tr\/en\/wp-json\/wp\/v2\/pages\/13729\/revisions"}],"predecessor-version":[{"id":13858,"href":"https:\/\/www.atareduktor.com.tr\/en\/wp-json\/wp\/v2\/pages\/13729\/revisions\/13858"}],"up":[{"embeddable":true,"href":"https:\/\/www.atareduktor.com.tr\/en\/wp-json\/wp\/v2\/pages\/13922"}],"wp:attachment":[{"href":"https:\/\/www.atareduktor.com.tr\/en\/wp-json\/wp\/v2\/media?parent=13729"}],"curies":[{"name":"wp","href":"https:\/\/api.w.org\/{rel}","templated":true}]}}