{"id":13554,"date":"2022-09-03T16:38:18","date_gmt":"2022-09-03T13:38:18","guid":{"rendered":"https:\/\/www.atareduktor.com.tr\/yeni\/?page_id=13554"},"modified":"2024-07-29T16:33:17","modified_gmt":"2024-07-29T13:33:17","slug":"reduktor-secim-programi","status":"publish","type":"page","link":"https:\/\/www.atareduktor.com.tr\/en\/gearbox-selection-tool\/","title":{"rendered":"Gearbox Selection Tool"},"content":{"rendered":"<div data-elementor-type=\"wp-page\" data-elementor-id=\"13554\" class=\"elementor elementor-13554\">\n\t\t\t\t\t\t<section class=\"elementor-section elementor-top-section elementor-element elementor-element-f23678d elementor-section-height-full elementor-section-boxed elementor-section-height-default elementor-section-items-middle\" data-id=\"f23678d\" data-element_type=\"section\" data-e-type=\"section\">\n\t\t\t\t\t\t<div class=\"elementor-container elementor-column-gap-default\">\n\t\t\t\t\t<div class=\"elementor-column elementor-col-100 elementor-top-column elementor-element elementor-element-397e538\" data-id=\"397e538\" data-element_type=\"column\" data-e-type=\"column\">\n\t\t\t<div class=\"elementor-widget-wrap elementor-element-populated\">\n\t\t\t\t\t\t<div class=\"elementor-element elementor-element-3e90875 elementor-widget elementor-widget-pix-heading\" data-id=\"3e90875\" data-element_type=\"widget\" data-e-type=\"widget\" data-widget_type=\"pix-heading.default\">\n\t\t\t\t<div class=\"elementor-widget-container\">\n\t\t\t\t\t<div  class=\"pix-heading-el text-center\"><div><div class=\"slide-in-container\"><h2 class=\"font-weight-bold heading-text el-title_custom_color mb-12\" style=\"\" data-anim-type=\"\" data-anim-delay=\"\">Gearbox Selection Tool<\/h2><\/div><\/div><\/div>\t\t\t\t<\/div>\n\t\t\t\t<\/div>\n\t\t\t\t<div class=\"elementor-element elementor-element-1c99d4f elementor-widget elementor-widget-html\" data-id=\"1c99d4f\" data-element_type=\"widget\" data-e-type=\"widget\" data-widget_type=\"html.default\">\n\t\t\t\t<div class=\"elementor-widget-container\">\n\t\t\t\t\t<iframe is=\"x-frame-bypass\" src=\"https:\/\/gearboxselection.pgr.com.tr\/reducer-selection\" style=\"border:0px #ffffff none;\" name=\"Red\u00fckt\u00f6r Se\u00e7im Program\u0131\" scrolling=\"yes\" frameborder=\"0\" marginheight=\"0px\" marginwidth=\"0px\" height=\"900px\" width=\"1200px\" allowfullscreen><\/iframe>\t\t\t\t<\/div>\n\t\t\t\t<\/div>\n\t\t\t\t\t<\/div>\n\t\t<\/div>\n\t\t\t\t\t<\/div>\n\t\t<\/section>\n\t\t\t\t<\/div>","protected":false},"excerpt":{"rendered":"<p>Gearbox Selection Tool<\/p>","protected":false},"author":1,"featured_media":0,"parent":0,"menu_order":0,"comment_status":"closed","ping_status":"closed","template":"","meta":{"inline_featured_image":false,"footnotes":""},"class_list":["post-13554","page","type-page","status-publish","hentry"],"_links":{"self":[{"href":"https:\/\/www.atareduktor.com.tr\/en\/wp-json\/wp\/v2\/pages\/13554","targetHints":{"allow":["GET"]}}],"collection":[{"href":"https:\/\/www.atareduktor.com.tr\/en\/wp-json\/wp\/v2\/pages"}],"about":[{"href":"https:\/\/www.atareduktor.com.tr\/en\/wp-json\/wp\/v2\/types\/page"}],"author":[{"embeddable":true,"href":"https:\/\/www.atareduktor.com.tr\/en\/wp-json\/wp\/v2\/users\/1"}],"replies":[{"embeddable":true,"href":"https:\/\/www.atareduktor.com.tr\/en\/wp-json\/wp\/v2\/comments?post=13554"}],"version-history":[{"count":8,"href":"https:\/\/www.atareduktor.com.tr\/en\/wp-json\/wp\/v2\/pages\/13554\/revisions"}],"predecessor-version":[{"id":14902,"href":"https:\/\/www.atareduktor.com.tr\/en\/wp-json\/wp\/v2\/pages\/13554\/revisions\/14902"}],"wp:attachment":[{"href":"https:\/\/www.atareduktor.com.tr\/en\/wp-json\/wp\/v2\/media?parent=13554"}],"curies":[{"name":"wp","href":"https:\/\/api.w.org\/{rel}","templated":true}]}}