{"id":13543,"date":"2022-09-03T15:57:25","date_gmt":"2022-09-03T12:57:25","guid":{"rendered":"https:\/\/www.atareduktor.com.tr\/yeni\/?page_id=13543"},"modified":"2022-10-07T18:37:47","modified_gmt":"2022-10-07T15:37:47","slug":"kalite-politikamiz","status":"publish","type":"page","link":"https:\/\/www.atareduktor.com.tr\/en\/quality-policy\/","title":{"rendered":"Quality Policy"},"content":{"rendered":"<div data-elementor-type=\"wp-page\" data-elementor-id=\"13543\" class=\"elementor elementor-13543\">\n\t\t\t\t\t\t<section class=\"elementor-section elementor-top-section elementor-element elementor-element-800fa8c elementor-section-boxed elementor-section-height-default elementor-section-height-default\" data-id=\"800fa8c\" data-element_type=\"section\" data-e-type=\"section\">\n\t\t\t\t\t\t<div class=\"elementor-container elementor-column-gap-default\">\n\t\t\t\t\t<div class=\"elementor-column elementor-col-100 elementor-top-column elementor-element elementor-element-0d5ff07\" data-id=\"0d5ff07\" data-element_type=\"column\" data-e-type=\"column\">\n\t\t\t<div class=\"elementor-widget-wrap elementor-element-populated\">\n\t\t\t\t\t\t<div class=\"elementor-element elementor-element-7410763 elementor-widget elementor-widget-pix-promo-box\" data-id=\"7410763\" data-element_type=\"widget\" data-e-type=\"widget\" data-widget_type=\"pix-promo-box.default\">\n\t\t\t\t<div class=\"elementor-widget-container\">\n\t\t\t\t\t<div class=\"pix-promo-box card w-100 h-1002 bg-gradient-primary  pix-hover-item rounded-lg position-relative overflow-hidden text-white   text-left w-100 d-block\"  ><img decoding=\"async\" src=\"https:\/\/www.atareduktor.com.tr\/wp-content\/uploads\/IMG_9155-scaled.jpeg\" class=\"card-img pix-bg-image pix-img-scale h-100 rounded-lg pix-opacity-6 pix-hover-opacity-8\" alt=\"Quality Policy\" title=\"\"><div class=\"card-img-overlay2 d-inline-block w-100 pix-img-overlay pix-p-20 d-flex align-items-end\" style=\"min-height:300px;\"><div class=\"w-100\"><h5 class=\"card-title font-weight-bold text-white pix-my-10\" style=\"\">Quality Policy<\/h5><\/div><\/div><\/div>\t\t\t\t<\/div>\n\t\t\t\t<\/div>\n\t\t\t\t\t<\/div>\n\t\t<\/div>\n\t\t\t\t\t<\/div>\n\t\t<\/section>\n\t\t\t\t<section class=\"elementor-section elementor-top-section elementor-element elementor-element-dfdb612 elementor-section-boxed elementor-section-height-default elementor-section-height-default\" data-id=\"dfdb612\" data-element_type=\"section\" data-e-type=\"section\">\n\t\t\t\t\t\t<div class=\"elementor-container elementor-column-gap-default\">\n\t\t\t\t\t<div class=\"elementor-column elementor-col-100 elementor-top-column elementor-element elementor-element-360503e\" data-id=\"360503e\" data-element_type=\"column\" data-e-type=\"column\">\n\t\t\t<div class=\"elementor-widget-wrap elementor-element-populated\">\n\t\t\t\t\t\t<div class=\"elementor-element elementor-element-6b28665 elementor-widget elementor-widget-text-editor\" data-id=\"6b28665\" data-element_type=\"widget\" data-e-type=\"widget\" data-widget_type=\"text-editor.default\">\n\t\t\t\t<div class=\"elementor-widget-container\">\n\t\t\t\t\t\t\t\t\t<p>As ATA RED\u00dcKT\u00d6R MOTOR SAN. T\u0130C. LTD. \u015eT\u0130 our quality policy is to provide a service that satisfies our customers, using the most modern equipment and meeting the changing customer expectations with an institutionalized business understanding in the sector.<\/p><p><b>In providing our services with this understanding;<\/b><\/p><ul><li class=\"translation-block\">We follow the developments in gearboxes, motors, vibration motors and bearings to provide our customers with the most advanced technology, electric motors and vibration motors at reasonable conditions and with the highest quality service,<\/li><li>To constantly glorify the reputation and prestige of our brand,<\/li><li>To satisfy our customers unconditionally,<\/li><li>The expectations of our customers, which we analyze with our professional staff and continuously improve through the use of the necessary management system to meet them in the best possible way,<\/li><li>Training, development and continuous improvement of working conditions of our employees to increase work efficiency and quality, maintain corporate culture and diversity,<\/li><li>Sharing responsibility for quality of service by embracing teamwork in ministry,<\/li><li>We are committed to the continuous improvement of the effectiveness of our quality management system, and to this end to review and improve our quality policy and, in parallel, our quality objectives.<\/li><\/ul>\t\t\t\t\t\t\t\t<\/div>\n\t\t\t\t<\/div>\n\t\t\t\t\t<\/div>\n\t\t<\/div>\n\t\t\t\t\t<\/div>\n\t\t<\/section>\n\t\t\t\t<\/div>","protected":false},"excerpt":{"rendered":"<p>KAL\u0130TE POL\u0130T\u0130KAMIZ ATA RED\u00dcKT\u00d6R MOTOR SAN. T\u0130C. LTD. \u015eT\u0130 olarak Kalite Politikam\u0131z, sekt\u00f6r\u00fcnde kurumsalla\u015fm\u0131\u015f bir i\u015f anlay\u0131\u015f\u0131 ile en modern donan\u0131mlar\u0131 kullanarak ve de\u011fi\u015fen m\u00fc\u015fteri beklentilerini kar\u015f\u0131layarak m\u00fc\u015fterilerini mutlu eden bir hizmet sunmakt\u0131r. Bu anlay\u0131\u015f ile hizmetlerimizi yerine getirirken; Red\u00fckt\u00f6r,&#8230;<\/p>","protected":false},"author":1,"featured_media":0,"parent":0,"menu_order":0,"comment_status":"closed","ping_status":"closed","template":"","meta":{"inline_featured_image":false,"footnotes":""},"class_list":["post-13543","page","type-page","status-publish","hentry"],"_links":{"self":[{"href":"https:\/\/www.atareduktor.com.tr\/en\/wp-json\/wp\/v2\/pages\/13543","targetHints":{"allow":["GET"]}}],"collection":[{"href":"https:\/\/www.atareduktor.com.tr\/en\/wp-json\/wp\/v2\/pages"}],"about":[{"href":"https:\/\/www.atareduktor.com.tr\/en\/wp-json\/wp\/v2\/types\/page"}],"author":[{"embeddable":true,"href":"https:\/\/www.atareduktor.com.tr\/en\/wp-json\/wp\/v2\/users\/1"}],"replies":[{"embeddable":true,"href":"https:\/\/www.atareduktor.com.tr\/en\/wp-json\/wp\/v2\/comments?post=13543"}],"version-history":[{"count":7,"href":"https:\/\/www.atareduktor.com.tr\/en\/wp-json\/wp\/v2\/pages\/13543\/revisions"}],"predecessor-version":[{"id":14338,"href":"https:\/\/www.atareduktor.com.tr\/en\/wp-json\/wp\/v2\/pages\/13543\/revisions\/14338"}],"wp:attachment":[{"href":"https:\/\/www.atareduktor.com.tr\/en\/wp-json\/wp\/v2\/media?parent=13543"}],"curies":[{"name":"wp","href":"https:\/\/api.w.org\/{rel}","templated":true}]}}